{"id":62,"date":"2025-08-11T17:42:42","date_gmt":"2025-08-11T17:42:42","guid":{"rendered":"https:\/\/cybersecurityandsexualitystudies.uqo.ca\/?page_id=62"},"modified":"2025-08-11T17:46:50","modified_gmt":"2025-08-11T17:46:50","slug":"62-2","status":"publish","type":"page","link":"https:\/\/cybersecurityandsexualitystudies.uqo.ca\/?page_id=62","title":{"rendered":"Hygi\u00e8ne num\u00e9rique"},"content":{"rendered":"\n<div style=\"font-family: Arial, sans-serif; max-width: 900px; margin: 30px auto; padding: 25px; background-color: #fefefe; border-radius: 10px; border: 1px solid #ddd; box-shadow: 0 4px 8px rgba(0,0,0,0.05);\">\n\n  <!-- Titre -->\n  <h2 style=\"color: #2a3f66; font-weight: 700; margin-bottom: 25px;\">\ud83d\udccb Questionnaire d\u2019hygi\u00e8ne num\u00e9rique<\/h2>\n\n  <!-- Progression -->\n  <div style=\"margin-bottom: 30px;\">\n    <div style=\"font-weight: 700; color: #4a90e2; margin-bottom: 6px; text-align: center;\">Progression : <span id=\"progress-percent\">0%<\/span><\/div>\n    <div style=\"background: #ddd; border-radius: 15px; height: 18px; overflow: hidden;\">\n      <div id=\"progress-bar\" style=\"height: 100%; width: 0%; background: linear-gradient(90deg, #4a90e2, #70a9f7); border-radius: 15px 0 0 15px; transition: width 0.4s ease;\"><\/div>\n    <\/div>\n  <\/div>\n\n  <!-- Sections et items -->\n\n  <section style=\"margin-bottom: 30px;\">\n    <h3 style=\"color: #2a3f66; border-bottom: 3px solid #4a90e2; padding-bottom: 8px;\">1. Hygi\u00e8ne du stockage et des appareils<\/h3>\n    <p style=\"font-style: italic; margin-bottom: 15px;\">\u00c0 quelle fr\u00e9quence :<\/p>\n    <div>\n      <p><strong>1) Activez-vous les pare-feux sur vos appareils informatiques ?<\/strong><\/p>\n      <div style=\"display: flex; gap: 15px; flex-wrap: wrap; color: #333;\">\n        <label><input type=\"radio\" name=\"q1\" value=\"1\"> 1 &#8211; Jamais<\/label>\n        <label><input type=\"radio\" name=\"q1\" value=\"2\"> 2 &#8211; Rarement<\/label>\n        <label><input type=\"radio\" name=\"q1\" value=\"3\"> 3 &#8211; Parfois<\/label>\n        <label><input type=\"radio\" name=\"q1\" value=\"4\"> 4 &#8211; Souvent<\/label>\n        <label><input type=\"radio\" name=\"q1\" value=\"5\"> 5 &#8211; Toujours<\/label>\n      <\/div>\n\n      <p style=\"margin-top: 15px;\"><strong>2) Lancez-vous une recherche de virus sur les nouveaux p\u00e9riph\u00e9riques de stockage USB ou externes ?<\/strong><\/p>\n      <div style=\"display: flex; gap: 15px; flex-wrap: wrap; color: #333;\">\n        <label><input type=\"radio\" name=\"q2\" value=\"1\"> 1 &#8211; Jamais<\/label>\n        <label><input type=\"radio\" name=\"q2\" value=\"2\"> 2 &#8211; Rarement<\/label>\n        <label><input type=\"radio\" name=\"q2\" value=\"3\"> 3 &#8211; Parfois<\/label>\n        <label><input type=\"radio\" name=\"q2\" value=\"4\"> 4 &#8211; Souvent<\/label>\n        <label><input type=\"radio\" name=\"q2\" value=\"5\"> 5 &#8211; Toujours<\/label>\n      <\/div>\n\n      <p style=\"margin-top: 15px;\"><strong>3) Surveillez-vous diff\u00e9rents processus sur votre appareil tels que l&rsquo;utilisation du processeur, de l&rsquo;\u00e9nergie ou du r\u00e9seau ?<\/strong><\/p>\n      <div style=\"display: flex; gap: 15px; flex-wrap: wrap; color: #333;\">\n        <label><input type=\"radio\" name=\"q3\" value=\"1\"> 1 &#8211; Jamais<\/label>\n        <label><input type=\"radio\" name=\"q3\" value=\"2\"> 2 &#8211; Rarement<\/label>\n        <label><input type=\"radio\" name=\"q3\" value=\"3\"> 3 &#8211; Parfois<\/label>\n        <label><input type=\"radio\" name=\"q3\" value=\"4\"> 4 &#8211; Souvent<\/label>\n        <label><input type=\"radio\" name=\"q3\" value=\"5\"> 5 &#8211; Toujours<\/label>\n      <\/div>\n\n      <p style=\"margin-top: 15px;\"><strong>4) Maintenez-vous votre protection antivirus \u00e0 jour ?<\/strong><\/p>\n      <div style=\"display: flex; gap: 15px; flex-wrap: wrap; color: #333;\">\n        <label><input type=\"radio\" name=\"q4\" value=\"1\"> 1 &#8211; Jamais<\/label>\n        <label><input type=\"radio\" name=\"q4\" value=\"2\"> 2 &#8211; Rarement<\/label>\n        <label><input type=\"radio\" name=\"q4\" value=\"3\"> 3 &#8211; Parfois<\/label>\n        <label><input type=\"radio\" name=\"q4\" value=\"4\"> 4 &#8211; Souvent<\/label>\n        <label><input type=\"radio\" name=\"q4\" value=\"5\"> 5 &#8211; Toujours<\/label>\n      <\/div>\n    <\/div>\n  <\/section>\n\n  <section style=\"margin-bottom: 30px;\">\n    <h3 style=\"color: #2a3f66; border-bottom: 3px solid #4a90e2; padding-bottom: 8px;\">2. Hygi\u00e8ne de transmission<\/h3>\n    <p style=\"font-style: italic; margin-bottom: 15px;\">\u00c0 quelle fr\u00e9quence :<\/p>\n    <div>\n      <p><strong>5) V\u00e9rifiez-vous la qualit\u00e9 du certificat de l&rsquo;ic\u00f4ne de verrouillage (\u00e9galement connu sous le nom de SSL) lorsque vous effectuez des transactions financi\u00e8res en ligne ?<\/strong><\/p>\n      <div style=\"display: flex; gap: 15px; flex-wrap: wrap; color: #333;\">\n        <label><input type=\"radio\" name=\"q5\" value=\"1\"> 1 &#8211; Jamais<\/label>\n        <label><input type=\"radio\" name=\"q5\" value=\"2\"> 2 &#8211; Rarement<\/label>\n        <label><input type=\"radio\" name=\"q5\" value=\"3\"> 3 &#8211; Parfois<\/label>\n        <label><input type=\"radio\" name=\"q5\" value=\"4\"> 4 &#8211; Souvent<\/label>\n        <label><input type=\"radio\" name=\"q5\" value=\"5\"> 5 &#8211; Toujours<\/label>\n      <\/div>\n\n      <p style=\"margin-top: 15px;\"><strong>6) Stockez-vous les identifiants et les mots de passe dans des coffres-forts de mots de passe chiffr\u00e9s en ligne ?<\/strong><\/p>\n      <div style=\"display: flex; gap: 15px; flex-wrap: wrap; color: #333;\">\n        <label><input type=\"radio\" name=\"q6\" value=\"1\"> 1 &#8211; Jamais<\/label>\n        <label><input type=\"radio\" name=\"q6\" value=\"2\"> 2 &#8211; Rarement<\/label>\n        <label><input type=\"radio\" name=\"q6\" value=\"3\"> 3 &#8211; Parfois<\/label>\n        <label><input type=\"radio\" name=\"q6\" value=\"4\"> 4 &#8211; Souvent<\/label>\n        <label><input type=\"radio\" name=\"q6\" value=\"5\"> 5 &#8211; Toujours<\/label>\n      <\/div>\n\n      <p style=\"margin-top: 15px;\"><strong>7) Configurez-vous des alertes en ligne pour surveiller votre nom ou vos informations personnelles ?<\/strong><\/p>\n      <div style=\"display: flex; gap: 15px; flex-wrap: wrap; color: #333;\">\n        <label><input type=\"radio\" name=\"q7\" value=\"1\"> 1 &#8211; Jamais<\/label>\n        <label><input type=\"radio\" name=\"q7\" value=\"2\"> 2 &#8211; Rarement<\/label>\n        <label><input type=\"radio\" name=\"q7\" value=\"3\"> 3 &#8211; Parfois<\/label>\n        <label><input type=\"radio\" name=\"q7\" value=\"4\"> 4 &#8211; Souvent<\/label>\n        <label><input type=\"radio\" name=\"q7\" value=\"5\"> 5 &#8211; Toujours<\/label>\n      <\/div>\n    <\/div>\n  <\/section>\n\n  <section style=\"margin-bottom: 30px;\">\n    <h3 style=\"color: #2a3f66; border-bottom: 3px solid #4a90e2; padding-bottom: 8px;\">3. Hygi\u00e8ne des r\u00e9seaux sociaux<\/h3>\n    <p style=\"font-style: italic; margin-bottom: 15px;\">\u00c0 quelle fr\u00e9quence :<\/p>\n    <div>\n      <p><strong>8) \u00c9valuez-vous l&rsquo;authenticit\u00e9 des demandes d&rsquo;amis\/d&rsquo;informations sur les r\u00e9seaux sociaux ?<\/strong><\/p>\n      <div style=\"display: flex; gap: 15px; flex-wrap: wrap; color: #333;\">\n        <label><input type=\"radio\" name=\"q8\" value=\"1\"> 1 &#8211; Jamais<\/label>\n        <label><input type=\"radio\" name=\"q8\" value=\"2\"> 2 &#8211; Rarement<\/label>\n        <label><input type=\"radio\" name=\"q8\" value=\"3\"> 3 &#8211; Parfois<\/label>\n        <label><input type=\"radio\" name=\"q8\" value=\"4\"> 4 &#8211; Souvent<\/label>\n        <label><input type=\"radio\" name=\"q8\" value=\"5\"> 5 &#8211; Toujours<\/label>\n      <\/div>\n\n      <p style=\"margin-top: 15px;\"><strong>9) Savez-vous avec qui vous \u00eates connect\u00e9 sur les r\u00e9seaux sociaux ?<\/strong><\/p>\n      <div style=\"display: flex; gap: 15px; flex-wrap: wrap; color: #333;\">\n        <label><input type=\"radio\" name=\"q9\" value=\"1\"> 1 &#8211; Jamais<\/label>\n        <label><input type=\"radio\" name=\"q9\" value=\"2\"> 2 &#8211; Rarement<\/label>\n        <label><input type=\"radio\" name=\"q9\" value=\"3\"> 3 &#8211; Parfois<\/label>\n        <label><input type=\"radio\" name=\"q9\" value=\"4\"> 4 &#8211; Souvent<\/label>\n        <label><input type=\"radio\" name=\"q9\" value=\"5\"> 5 &#8211; Toujours<\/label>\n      <\/div>\n\n      <p style=\"margin-top: 15px;\"><strong>10) R\u00e9\u00e9valuez-vous vos amis\/connexions sur les r\u00e9seaux sociaux ?<\/strong><\/p>\n      <div style=\"display: flex; gap: 15px; flex-wrap: wrap; color: #333;\">\n        <label><input type=\"radio\" name=\"q10\" value=\"1\"> 1 &#8211; Jamais<\/label>\n        <label><input type=\"radio\" name=\"q10\" value=\"2\"> 2 &#8211; Rarement<\/label>\n        <label><input type=\"radio\" name=\"q10\" value=\"3\"> 3 &#8211; Parfois<\/label>\n        <label><input type=\"radio\" name=\"q10\" value=\"4\"> 4 &#8211; Souvent<\/label>\n        <label><input type=\"radio\" name=\"q10\" value=\"5\"> 5 &#8211; Toujours<\/label>\n      <\/div>\n\n      <p style=\"margin-top: 15px;\"><strong>11) Veillez-vous \u00e0 ce que vos informations de localisation ne soient pas divulgu\u00e9es dans vos publications ?<\/strong><\/p>\n      <div style=\"display: flex; gap: 15px; flex-wrap: wrap; color: #333;\">\n        <label><input type=\"radio\" name=\"q11\" value=\"1\"> 1 &#8211; Jamais<\/label>\n        <label><input type=\"radio\" name=\"q11\" value=\"2\"> 2 &#8211; Rarement<\/label>\n        <label><input type=\"radio\" name=\"q11\" value=\"3\"> 3 &#8211; Parfois<\/label>\n        <label><input type=\"radio\" name=\"q11\" value=\"4\"> 4 &#8211; Souvent<\/label>\n        <label><input type=\"radio\" name=\"q11\" value=\"5\"> 5 &#8211; Toujours<\/label>\n      <\/div>\n    <\/div>\n  <\/section>\n\n  <section style=\"margin-bottom: 30px;\">\n    <h3 style=\"color: #2a3f66; border-bottom: 3px solid #4a90e2; padding-bottom: 8px;\">4. Hygi\u00e8ne de l&rsquo;authentification et des informations d&rsquo;identification<\/h3>\n    <p style=\"font-style: italic; margin-bottom: 15px;\">\u00c0 quelle fr\u00e9quence :<\/p>\n    <div>\n      <p><strong>12) Changez-vous le nom d&rsquo;utilisateur par d\u00e9faut de l&rsquo;administrateur pour quelque chose d&rsquo;unique sur tous les appareils connect\u00e9s \u00e0 Internet ?<\/strong><\/p>\n      <div style=\"display: flex; gap: 15px; flex-wrap: wrap; color: #333;\">\n        <label><input type=\"radio\" name=\"q12\" value=\"1\"> 1 &#8211; Jamais<\/label>\n        <label><input type=\"radio\" name=\"q12\" value=\"2\"> 2 &#8211; Rarement<\/label>\n        <label><input type=\"radio\" name=\"q12\" value=\"3\"> 3 &#8211; Parfois<\/label>\n        <label><input type=\"radio\" name=\"q12\" value=\"4\"> 4 &#8211; Souvent<\/label>\n        <label><input type=\"radio\" name=\"q12\" value=\"5\"> 5 &#8211; Toujours<\/label>\n      <\/div>\n\n      <p style=\"margin-top: 15px;\"><strong>13) Changez-vous tous les mots de passe par d\u00e9faut sur les appareils connect\u00e9s \u00e0 Internet ?<\/strong><\/p>\n      <div style=\"display: flex; gap: 15px; flex-wrap: wrap; color: #333;\">\n        <label><input type=\"radio\" name=\"q13\" value=\"1\"> 1 &#8211; Jamais<\/label>\n        <label><input type=\"radio\" name=\"q13\" value=\"2\"> 2 &#8211; Rarement<\/label>\n        <label><input type=\"radio\" name=\"q13\" value=\"3\"> 3 &#8211; Parfois<\/label>\n        <label><input type=\"radio\" name=\"q13\" value=\"4\"> 4 &#8211; Souvent<\/label>\n        <label><input type=\"radio\" name=\"q13\" value=\"5\"> 5 &#8211; Toujours<\/label>\n      <\/div>\n\n      <p style=\"margin-top: 15px;\"><strong>14) G\u00e9rez-vous la fa\u00e7on dont votre navigateur enregistre les mots de passe ?<\/strong><\/p>\n      <div style=\"display: flex; gap: 15px; flex-wrap: wrap; color: #333;\">\n        <label><input type=\"radio\" name=\"q14\" value=\"1\"> 1 &#8211; Jamais<\/label>\n        <label><input type=\"radio\" name=\"q14\" value=\"2\"> 2 &#8211; Rarement<\/label>\n        <label><input type=\"radio\" name=\"q14\" value=\"3\"> 3 &#8211; Parfois<\/label>\n        <label><input type=\"radio\" name=\"q14\" value=\"4\"> 4 &#8211; Souvent<\/label>\n        <label><input type=\"radio\" name=\"q14\" value=\"5\"> 5 &#8211; Toujours<\/label>\n      <\/div>\n\n      <p style=\"margin-top: 15px;\"><strong>15) Cr\u00e9ez-vous des identifiants et des mots de passe uniques pour tous vos comptes ?<\/strong><\/p>\n      <div style=\"display: flex; gap: 15px; flex-wrap: wrap; color: #333;\">\n        <label><input type=\"radio\" name=\"q15\" value=\"1\"> 1 &#8211; Jamais<\/label>\n        <label><input type=\"radio\" name=\"q15\" value=\"2\"> 2 &#8211; Rarement<\/label>\n        <label><input type=\"radio\" name=\"q15\" value=\"3\"> 3 &#8211; Parfois<\/label>\n        <label><input type=\"radio\" name=\"q15\" value=\"4\"> 4 &#8211; Souvent<\/label>\n        <label><input type=\"radio\" name=\"q15\" value=\"5\"> 5 &#8211; Toujours<\/label>\n      <\/div>\n    <\/div>\n  <\/section>\n\n  <section style=\"margin-bottom: 30px;\">\n    <h3 style=\"color: #2a3f66; border-bottom: 3px solid #4a90e2; padding-bottom: 8px;\">5. Hygi\u00e8ne du courrier \u00e9lectronique et de la messagerie<\/h3>\n    <p style=\"font-style: italic; margin-bottom: 15px;\">\u00c0 quelle fr\u00e9quence :<\/p>\n    <div>\n      <p><strong>16) V\u00e9rifiez-vous l&rsquo;en-t\u00eate d&rsquo;un courriel entrant ?<\/strong><\/p>\n      <div style=\"display: flex; gap: 15px; flex-wrap: wrap; color: #333;\">\n        <label><input type=\"radio\" name=\"q16\" value=\"1\"> 1 &#8211; Jamais<\/label>\n        <label><input type=\"radio\" name=\"q16\" value=\"2\"> 2 &#8211; Rarement<\/label>\n        <label><input type=\"radio\" name=\"q16\" value=\"3\"> 3 &#8211; Parfois<\/label>\n        <label><input type=\"radio\" name=\"q16\" value=\"4\"> 4 &#8211; Souvent<\/label>\n        <label><input type=\"radio\" name=\"q16\" value=\"5\"> 5 &#8211; Toujours<\/label>\n      <\/div>\n\n      <p style=\"margin-top: 15px;\"><strong>17) V\u00e9rifiez-vous le nom de domaine de l&rsquo;exp\u00e9diteur ?<\/strong><\/p>\n      <div style=\"display: flex; gap: 15px; flex-wrap: wrap; color: #333;\">\n        <label><input type=\"radio\" name=\"q17\" value=\"1\"> 1 &#8211; Jamais<\/label>\n        <label><input type=\"radio\" name=\"q17\" value=\"2\"> 2 &#8211; Rarement<\/label>\n        <label><input type=\"radio\" name=\"q17\" value=\"3\"> 3 &#8211; Parfois<\/label>\n        <label><input type=\"radio\" name=\"q16\" value=\"4\"> 4 &#8211; Souvent<\/label>\n        <label><input type=\"radio\" name=\"q16\" value=\"5\"> 5 &#8211; Toujours<\/label>\n      <\/div>\n\n <p><strong>18) V\u00e9rifiez-vous si les courriels contiennent des erreurs grammaticales ou typographiques ?<\/strong><\/p>\n      <div style=\"display: flex; gap: 15px; flex-wrap: wrap; color: #333;\">\n        <label><input type=\"radio\" name=\"q16\" value=\"1\"> 1 &#8211; Jamais<\/label>\n        <label><input type=\"radio\" name=\"q16\" value=\"2\"> 2 &#8211; Rarement<\/label>\n        <label><input type=\"radio\" name=\"q16\" value=\"3\"> 3 &#8211; Parfois<\/label>\n        <label><input type=\"radio\" name=\"q16\" value=\"4\"> 4 &#8211; Souvent<\/label>\n        <label><input type=\"radio\" name=\"q16\" value=\"5\"> 5 &#8211; Toujours<\/label>\n\n\n\n<p><\/p>\n","protected":false},"excerpt":{"rendered":"<p>\ud83d\udccb Questionnaire d\u2019hygi\u00e8ne num\u00e9rique Progression : 0% 1. Hygi\u00e8ne du stockage et des appareils \u00c0 quelle fr\u00e9quence : 1) Activez-vous les pare-feux sur vos appareils informatiques ? 1 &#8211; Jamais 2 &#8211; Rarement 3 &#8211; Parfois 4 &#8211; Souvent 5 &#8211; Toujours 2) Lancez-vous une recherche de virus sur les nouveaux p\u00e9riph\u00e9riques de stockage USB [&hellip;]<\/p>\n","protected":false},"author":1,"featured_media":0,"parent":0,"menu_order":0,"comment_status":"closed","ping_status":"closed","template":"","meta":{"_uag_custom_page_level_css":"","footnotes":""},"class_list":["post-62","page","type-page","status-publish","hentry"],"uagb_featured_image_src":{"full":false,"thumbnail":false,"medium":false,"medium_large":false,"large":false,"1536x1536":false,"2048x2048":false},"uagb_author_info":{"display_name":"admin","author_link":"https:\/\/cybersecurityandsexualitystudies.uqo.ca\/?author=1"},"uagb_comment_info":0,"uagb_excerpt":"\ud83d\udccb Questionnaire d\u2019hygi\u00e8ne num\u00e9rique Progression : 0% 1. Hygi\u00e8ne du stockage et des appareils \u00c0 quelle fr\u00e9quence : 1) Activez-vous les pare-feux sur vos appareils informatiques ? 1 &#8211; Jamais 2 &#8211; Rarement 3 &#8211; Parfois 4 &#8211; Souvent 5 &#8211; Toujours 2) Lancez-vous une recherche de virus sur les nouveaux p\u00e9riph\u00e9riques de stockage USB\u2026","_links":{"self":[{"href":"https:\/\/cybersecurityandsexualitystudies.uqo.ca\/index.php?rest_route=\/wp\/v2\/pages\/62","targetHints":{"allow":["GET"]}}],"collection":[{"href":"https:\/\/cybersecurityandsexualitystudies.uqo.ca\/index.php?rest_route=\/wp\/v2\/pages"}],"about":[{"href":"https:\/\/cybersecurityandsexualitystudies.uqo.ca\/index.php?rest_route=\/wp\/v2\/types\/page"}],"author":[{"embeddable":true,"href":"https:\/\/cybersecurityandsexualitystudies.uqo.ca\/index.php?rest_route=\/wp\/v2\/users\/1"}],"replies":[{"embeddable":true,"href":"https:\/\/cybersecurityandsexualitystudies.uqo.ca\/index.php?rest_route=%2Fwp%2Fv2%2Fcomments&post=62"}],"version-history":[{"count":9,"href":"https:\/\/cybersecurityandsexualitystudies.uqo.ca\/index.php?rest_route=\/wp\/v2\/pages\/62\/revisions"}],"predecessor-version":[{"id":74,"href":"https:\/\/cybersecurityandsexualitystudies.uqo.ca\/index.php?rest_route=\/wp\/v2\/pages\/62\/revisions\/74"}],"wp:attachment":[{"href":"https:\/\/cybersecurityandsexualitystudies.uqo.ca\/index.php?rest_route=%2Fwp%2Fv2%2Fmedia&parent=62"}],"curies":[{"name":"wp","href":"https:\/\/api.w.org\/{rel}","templated":true}]}}