{"id":112,"date":"2025-11-14T19:34:42","date_gmt":"2025-11-14T19:34:42","guid":{"rendered":"https:\/\/cybersecurityandsexualitystudies.uqo.ca\/?page_id=112"},"modified":"2025-11-14T19:34:42","modified_gmt":"2025-11-14T19:34:42","slug":"questionnaire-sur-la-perception-morale-des-robots-sexuels","status":"publish","type":"page","link":"https:\/\/cybersecurityandsexualitystudies.uqo.ca\/?page_id=112","title":{"rendered":"Questionnaire sur la perception morale des robots sexuels"},"content":{"rendered":"\n**D\u00e9finir  concepts pour participants (robot sexuel, intelligence limit\u00e9e, etc.)***\n\n\n\n<div style=\"font-family: Arial, sans-serif; max-width: 900px; margin: 30px auto; padding: 25px; background-color: #fefefe; border-radius: 10px; border: 1px solid #ddd;\">\n  <h2 style=\"color: #2a3f66;\">Questionnaire sur les interactions humaines-robots<\/h2>\n  <p>Veuillez indiquer dans quelle mesure vous jugez les affirmations suivantes appropri\u00e9es ou envisageables.<br>\n  1 = Pas du tout &nbsp;&nbsp;&nbsp; 7 = Tout \u00e0 fait<\/p>\n  <form>\n\n    <!-- Questions originales -->\n    <label>1) Serait-il appropri\u00e9 d&rsquo;avoir des rapports sexuels avec un robot ?<\/label><br>\n    <select name=\"q1\">\n      <option value=\"1\">1<\/option><option value=\"2\">2<\/option><option value=\"3\">3<\/option>\n      <option value=\"4\">4<\/option><option value=\"5\">5<\/option><option value=\"6\">6<\/option><option value=\"7\">7<\/option>\n    <\/select><br><br>\n\n    <label>2) Serait-il appropri\u00e9 d&rsquo;avoir des rapports sexuels conversationnels avec un chatbot ?<\/label><br>\n    <select name=\"q2\">&#8230;<\/select><br><br>\n\n    <label>3) Serait-il appropri\u00e9 d&rsquo;utiliser des robots sexuels plut\u00f4t que de tromper son\/sa partenaire ?<\/label><br>\n    <select name=\"q3\">&#8230;<\/select><br><br>\n\n    <label>4) Serait-il appropri\u00e9 d&rsquo;utiliser un chatbot \u00e9rotique plut\u00f4t que de tromper son\/sa partenaire ?<\/label><br>\n    <select name=\"q4\">&#8230;<\/select><br><br>\n\n    <label>5) Serait-il appropri\u00e9 d&rsquo;utiliser des robots sexuels plut\u00f4t que de payer pour des services sexuels humains ?<\/label><br>\n    <select name=\"q5\">&#8230;<\/select><br><br>\n\n    <label>6) Serait-il appropri\u00e9 d&rsquo;utiliser des robots sexuels pour maintenir une relation avec un\/une partenaire humain(e) ?<\/label><br>\n    <select name=\"q6\">&#8230;<\/select><br><br>\n\n    <label>7) Serait-il appropri\u00e9 d&rsquo;utiliser des robots sexuels pour des rapports de groupe mixtes humain-robot ?<\/label><br>\n    <select name=\"q7\">&#8230;<\/select><br><br>\n\n    <label>8) Serait-il appropri\u00e9 d&rsquo;utiliser des robots sexuels pour des pratiques non conventionnelles comme le sexe violent ou sadique ?<\/label><br>\n    <select name=\"q8\">&#8230;<\/select><br><br>\n\n    <label>9) Serait-il appropri\u00e9 d&rsquo;utiliser des robots sexuels pour l&rsquo;\u00e9ducation sexuelle ?<\/label><br>\n    <select name=\"q9\">&#8230;<\/select><br><br>\n\n    <label>10) Serait-il appropri\u00e9 d&rsquo;utiliser des robots sexuels comme substituts pour pratiquer des comp\u00e9tences sexuelles ?<\/label><br>\n    <select name=\"q10\">&#8230;<\/select><br><br>\n\n    <label>11) Serait-il appropri\u00e9 d&rsquo;utiliser des robots sexuels pour les personnes en situation de handicap ?<\/label><br>\n    <select name=\"q11\">&#8230;<\/select><br><br>\n\n    <label>12) Serait-il appropri\u00e9 d&rsquo;utiliser des robots sexuels pour am\u00e9liorer l&rsquo;estime de soi et la sant\u00e9 psychologique ?<\/label><br>\n    <select name=\"q12\">&#8230;<\/select><br><br>\n\n    <label>13) Serait-il appropri\u00e9 d&rsquo;utiliser un chatbot pour am\u00e9liorer l&rsquo;estime de soi et la sant\u00e9 psychologique ?<\/label><br>\n    <select name=\"q13\">&#8230;<\/select><br><br>\n\n    <label>14) Serait-il appropri\u00e9 d&rsquo;utiliser des robots sexuels en th\u00e9rapie pour traiter les dysfonctions sexuelles ?<\/label><br>\n    <select name=\"q14\">&#8230;<\/select><br><br>\n\n    <label>15) Serait-il appropri\u00e9 d&rsquo;utiliser des robots sexuels pour aider les victimes de traumatismes sexuels \u00e0 reprendre le contr\u00f4le de leur sexualit\u00e9 ?<\/label><br>\n    <select name=\"q15\">&#8230;<\/select><br><br>\n\n    <!-- Variantes suppl\u00e9mentaires -->\n    <label>16) Jusqu&rsquo;\u00e0 quel point seriez-vous pr\u00eat \u00e0 avoir des rapports affectifs intimes (non sexuels) avec un robot ayant une apparence humaine mais une intelligence limit\u00e9e ?<\/label><br>\n    <select name=\"q16\">&#8230;<\/select><br><br>\n\n    <label>17) Jusqu&rsquo;\u00e0 quel point seriez-vous pr\u00eat \u00e0 avoir des rapports strictement sexuels avec un robot ayant une apparence humaine mais une intelligence limit\u00e9e ?<\/label><br>\n    <select name=\"q17\">&#8230;<\/select><br><br>\n\n    <label>18) Jusqu&rsquo;\u00e0 quel point seriez-vous pr\u00eat \u00e0 avoir des rapports affectifs avec un robot au comportement humain mais \u00e0 l\u2019apparence robotique ?<\/label><br>\n    <select name=\"q18\">&#8230;<\/select><br><br>\n\n    <label>19) Jusqu&rsquo;\u00e0 quel point seriez-vous pr\u00eat \u00e0 avoir des rapports sexuels avec un robot au comportement humain mais \u00e0 l\u2019apparence robotique ?<\/label><br>\n    <select name=\"q19\">&#8230;<\/select><br><br>\n\n    <label>20) Jusqu&rsquo;\u00e0 quel point seriez-vous pr\u00eat \u00e0 avoir une relation intime avec un robot dot\u00e9 d\u2019une intelligence conversationnelle avanc\u00e9e mais d\u2019une apparence non humaine ?<\/label><br>\n    <select name=\"q20\">&#8230;<\/select><br><br>\n\n    <button type=\"submit\" style=\"padding: 10px 20px; background-color: #4a90e2; color: white; border: none; border-radius: 5px;\">Soumettre<\/button>\n  <\/form>\n<\/div>\n\n","protected":false},"excerpt":{"rendered":"<p>**D\u00e9finir concepts pour participants (robot sexuel, intelligence limit\u00e9e, etc.)*** Questionnaire sur les interactions humaines-robots Veuillez indiquer dans quelle mesure vous jugez les affirmations suivantes appropri\u00e9es ou envisageables. 1 = Pas du tout &nbsp;&nbsp;&nbsp; 7 = Tout \u00e0 fait 1) Serait-il appropri\u00e9 d&rsquo;avoir des rapports sexuels avec un robot ? 1234567 2) Serait-il appropri\u00e9 d&rsquo;avoir des [&hellip;]<\/p>\n","protected":false},"author":1,"featured_media":0,"parent":0,"menu_order":0,"comment_status":"closed","ping_status":"closed","template":"","meta":{"_uag_custom_page_level_css":"","footnotes":""},"class_list":["post-112","page","type-page","status-publish","hentry"],"uagb_featured_image_src":{"full":false,"thumbnail":false,"medium":false,"medium_large":false,"large":false,"1536x1536":false,"2048x2048":false},"uagb_author_info":{"display_name":"admin","author_link":"https:\/\/cybersecurityandsexualitystudies.uqo.ca\/?author=1"},"uagb_comment_info":0,"uagb_excerpt":"**D\u00e9finir concepts pour participants (robot sexuel, intelligence limit\u00e9e, etc.)*** Questionnaire sur les interactions humaines-robots Veuillez indiquer dans quelle mesure vous jugez les affirmations suivantes appropri\u00e9es ou envisageables. 1 = Pas du tout &nbsp;&nbsp;&nbsp; 7 = Tout \u00e0 fait 1) Serait-il appropri\u00e9 d&rsquo;avoir des rapports sexuels avec un robot ? 1234567 2) Serait-il appropri\u00e9 d&rsquo;avoir des\u2026","_links":{"self":[{"href":"https:\/\/cybersecurityandsexualitystudies.uqo.ca\/index.php?rest_route=\/wp\/v2\/pages\/112","targetHints":{"allow":["GET"]}}],"collection":[{"href":"https:\/\/cybersecurityandsexualitystudies.uqo.ca\/index.php?rest_route=\/wp\/v2\/pages"}],"about":[{"href":"https:\/\/cybersecurityandsexualitystudies.uqo.ca\/index.php?rest_route=\/wp\/v2\/types\/page"}],"author":[{"embeddable":true,"href":"https:\/\/cybersecurityandsexualitystudies.uqo.ca\/index.php?rest_route=\/wp\/v2\/users\/1"}],"replies":[{"embeddable":true,"href":"https:\/\/cybersecurityandsexualitystudies.uqo.ca\/index.php?rest_route=%2Fwp%2Fv2%2Fcomments&post=112"}],"version-history":[{"count":1,"href":"https:\/\/cybersecurityandsexualitystudies.uqo.ca\/index.php?rest_route=\/wp\/v2\/pages\/112\/revisions"}],"predecessor-version":[{"id":113,"href":"https:\/\/cybersecurityandsexualitystudies.uqo.ca\/index.php?rest_route=\/wp\/v2\/pages\/112\/revisions\/113"}],"wp:attachment":[{"href":"https:\/\/cybersecurityandsexualitystudies.uqo.ca\/index.php?rest_route=%2Fwp%2Fv2%2Fmedia&parent=112"}],"curies":[{"name":"wp","href":"https:\/\/api.w.org\/{rel}","templated":true}]}}