{"id":110,"date":"2025-11-14T19:28:45","date_gmt":"2025-11-14T19:28:45","guid":{"rendered":"https:\/\/cybersecurityandsexualitystudies.uqo.ca\/?page_id=110"},"modified":"2025-11-14T19:28:45","modified_gmt":"2025-11-14T19:28:45","slug":"questionnaire-transhumanisme","status":"publish","type":"page","link":"https:\/\/cybersecurityandsexualitystudies.uqo.ca\/?page_id=110","title":{"rendered":"Questionnaire transhumanisme"},"content":{"rendered":"\n\n<div style=\"font-family: Arial, sans-serif; max-width: 800px; margin: 30px auto; padding: 25px; background-color: #f9f9f9; border-radius: 10px; border: 1px solid #ccc;\">\n  <h2 style=\"color: #2a3f66;\">Veuillez indiquer votre niveau de soutien des affirmations suivantes<\/h2>\n\n\n  <form>\n\n    <!-- Question 1 -->\n    <label><strong>1) Je soutiens le clonage pour prolonger la vie :<\/strong><\/label><br>\n    <select name=\"clonage\">\n      <option value=\"1\">1 &#8211; Pas du tout d&rsquo;accord<\/option>\n      <option value=\"2\">2<\/option>\n      <option value=\"3\">3<\/option>\n      <option value=\"4\">4<\/option>\n      <option value=\"5\">5<\/option>\n      <option value=\"6\">6<\/option>\n      <option value=\"7\">7 &#8211; Tout \u00e0 fait d&rsquo;accord<\/option>\n    <\/select><br><br>\n\n    <!-- Question 2 -->\n    <label><strong>2) J&rsquo;utiliserais des th\u00e9rapies g\u00e9niques pour lutter contre le vieillissement :<\/strong><\/label><br>\n    <select name=\"therapies_geniques\">\n      <option value=\"1\">1 &#8211; Pas du tout d&rsquo;accord<\/option>\n      <option value=\"2\">2<\/option>\n      <option value=\"3\">3<\/option>\n      <option value=\"4\">4<\/option>\n      <option value=\"5\">5<\/option>\n      <option value=\"6\">6<\/option>\n      <option value=\"7\">7 &#8211; Tout \u00e0 fait d&rsquo;accord<\/option>\n    <\/select><br><br>\n\n    <!-- Question 3 -->\n    <label><strong>3) Je serais pr\u00eat \u00e0 transf\u00e9rer mon esprit dans un superordinateur avant ma mort :<\/strong><\/label><br>\n    <select name=\"transfert_esprit\">\n      <option value=\"1\">1 &#8211; Pas du tout d&rsquo;accord<\/option>\n      <option value=\"2\">2<\/option>\n      <option value=\"3\">3<\/option>\n      <option value=\"4\">4<\/option>\n      <option value=\"5\">5<\/option>\n      <option value=\"6\">6<\/option>\n      <option value=\"7\">7 &#8211; Tout \u00e0 fait d&rsquo;accord<\/option>\n    <\/select><br><br>\n\n    <!-- Question 4 -->\n    <label><strong>4) J&rsquo;utiliserais la nanotechnologie pour am\u00e9liorer les capacit\u00e9s humaines :<\/strong><\/label><br>\n    <select name=\"nanotechnologie\">\n      <option value=\"1\">1 &#8211; Pas du tout d&rsquo;accord<\/option>\n      <option value=\"2\">2<\/option>\n      <option value=\"3\">3<\/option>\n      <option value=\"4\">4<\/option>\n      <option value=\"5\">5<\/option>\n      <option value=\"6\">6<\/option>\n      <option value=\"7\">7 &#8211; Tout \u00e0 fait d&rsquo;accord<\/option>\n    <\/select><br><br>\n\n    <!-- Question 5 -->\n    <label><strong>5) J&rsquo;utiliserais la technologie pour faire \u00e9voluer l&rsquo;humanit\u00e9 :<\/strong><\/label><br>\n    <select name=\"evolution_technologique\">\n      <option value=\"1\">1 &#8211; Pas du tout d&rsquo;accord<\/option>\n      <option value=\"2\">2<\/option>\n      <option value=\"3\">3<\/option>\n      <option value=\"4\">4<\/option>\n      <option value=\"5\">5<\/option>\n      <option value=\"6\">6<\/option>\n      <option value=\"7\">7 &#8211; Tout \u00e0 fait d&rsquo;accord<\/option>\n    <\/select><br><br>\n\n    <button type=\"submit\" style=\"padding: 10px 20px; background-color: #4a90e2; color: white; border: none; border-radius: 5px;\">Soumettre<\/button>\n  <\/form>\n<\/div>\n\n","protected":false},"excerpt":{"rendered":"<p>Veuillez indiquer votre niveau de soutien des affirmations suivantes 1) Je soutiens le clonage pour prolonger la vie : 1 &#8211; Pas du tout d&rsquo;accord234567 &#8211; Tout \u00e0 fait d&rsquo;accord 2) J&rsquo;utiliserais des th\u00e9rapies g\u00e9niques pour lutter contre le vieillissement : 1 &#8211; Pas du tout d&rsquo;accord234567 &#8211; Tout \u00e0 fait d&rsquo;accord 3) Je serais [&hellip;]<\/p>\n","protected":false},"author":1,"featured_media":0,"parent":0,"menu_order":0,"comment_status":"closed","ping_status":"closed","template":"","meta":{"_uag_custom_page_level_css":"","footnotes":""},"class_list":["post-110","page","type-page","status-publish","hentry"],"uagb_featured_image_src":{"full":false,"thumbnail":false,"medium":false,"medium_large":false,"large":false,"1536x1536":false,"2048x2048":false},"uagb_author_info":{"display_name":"admin","author_link":"https:\/\/cybersecurityandsexualitystudies.uqo.ca\/?author=1"},"uagb_comment_info":0,"uagb_excerpt":"Veuillez indiquer votre niveau de soutien des affirmations suivantes 1) Je soutiens le clonage pour prolonger la vie : 1 &#8211; Pas du tout d&rsquo;accord234567 &#8211; Tout \u00e0 fait d&rsquo;accord 2) J&rsquo;utiliserais des th\u00e9rapies g\u00e9niques pour lutter contre le vieillissement : 1 &#8211; Pas du tout d&rsquo;accord234567 &#8211; Tout \u00e0 fait d&rsquo;accord 3) Je serais\u2026","_links":{"self":[{"href":"https:\/\/cybersecurityandsexualitystudies.uqo.ca\/index.php?rest_route=\/wp\/v2\/pages\/110","targetHints":{"allow":["GET"]}}],"collection":[{"href":"https:\/\/cybersecurityandsexualitystudies.uqo.ca\/index.php?rest_route=\/wp\/v2\/pages"}],"about":[{"href":"https:\/\/cybersecurityandsexualitystudies.uqo.ca\/index.php?rest_route=\/wp\/v2\/types\/page"}],"author":[{"embeddable":true,"href":"https:\/\/cybersecurityandsexualitystudies.uqo.ca\/index.php?rest_route=\/wp\/v2\/users\/1"}],"replies":[{"embeddable":true,"href":"https:\/\/cybersecurityandsexualitystudies.uqo.ca\/index.php?rest_route=%2Fwp%2Fv2%2Fcomments&post=110"}],"version-history":[{"count":1,"href":"https:\/\/cybersecurityandsexualitystudies.uqo.ca\/index.php?rest_route=\/wp\/v2\/pages\/110\/revisions"}],"predecessor-version":[{"id":111,"href":"https:\/\/cybersecurityandsexualitystudies.uqo.ca\/index.php?rest_route=\/wp\/v2\/pages\/110\/revisions\/111"}],"wp:attachment":[{"href":"https:\/\/cybersecurityandsexualitystudies.uqo.ca\/index.php?rest_route=%2Fwp%2Fv2%2Fmedia&parent=110"}],"curies":[{"name":"wp","href":"https:\/\/api.w.org\/{rel}","templated":true}]}}