{"id":106,"date":"2025-11-14T19:10:46","date_gmt":"2025-11-14T19:10:46","guid":{"rendered":"https:\/\/cybersecurityandsexualitystudies.uqo.ca\/?page_id=106"},"modified":"2025-11-14T19:10:46","modified_gmt":"2025-11-14T19:10:46","slug":"questionnaire-de-cybersecurite","status":"publish","type":"page","link":"https:\/\/cybersecurityandsexualitystudies.uqo.ca\/?page_id=106","title":{"rendered":"Questionnaire de cybers\u00e9curit\u00e9"},"content":{"rendered":"\n\n<div style=\"font-family: Arial, sans-serif; max-width: 900px; margin: 30px auto; padding: 25px; background-color: #fefefe; border-radius: 10px; border: 1px solid #ddd;\">\n  <h2 style=\"color: #2a3f66;\">Questionnaire de Cybers\u00e9curit\u00e9<\/h2>\n  <form>\n\n    <!-- Question 1 -->\n    <label><strong>1) Quel \u00e2ge avez-vous ?<\/strong><\/label><br>\n    <select name=\"age\">\n      <option value=\"16-19\">16-19<\/option>\n      <option value=\"20-23\">20-23<\/option>\n      <option value=\"24-27\">24-27<\/option>\n      <option value=\"28-35\">28-35<\/option>\n      <option value=\"36-43\">36-43<\/option>\n      <option value=\"44-51\">44-51<\/option>\n      <option value=\"52+\">52 ou plus<\/option>\n    <\/select><br><br>\n\n    <!-- Question 2 -->\n    <label><strong>2) Utilisez-vous souvent un ordinateur dans votre travail ?<\/strong><\/label><br>\n    <select name=\"ordinateur_travail\">\n      <option value=\"jamais\">Jamais<\/option>\n      <option value=\"rarement\">Rarement<\/option>\n      <option value=\"souvent\">Souvent<\/option>\n      <option value=\"toujours\">Toujours<\/option>\n    <\/select><br><br>\n\n    <!-- Question 3 -->\n    <label><strong>3) \u00cates-vous un praticien des sciences de l&rsquo;information ?<\/strong><\/label><br>\n    <select name=\"praticien_info\">\n      <option value=\"oui\">Oui<\/option>\n      <option value=\"non\">Non<\/option>\n    <\/select><br><br>\n\n    <!-- Question 4 -->\n    <label><strong>4) \u00cates-vous un \u00e9ducateur en sciences de l&rsquo;information ?<\/strong><\/label><br>\n    <select name=\"educateur_info\">\n      <option value=\"oui\">Oui<\/option>\n      <option value=\"non\">Non<\/option>\n    <\/select><br><br>\n\n    <!-- Question 5 -->\n    <label><strong>5) Combien d&rsquo;heures de formation en cybers\u00e9curit\u00e9 avez-vous suivies ?<\/strong><\/label><br>\n    <select name=\"formation_cyber\">\n      <option value=\"moins_30min\">Moins de 30 minutes<\/option>\n      <option value=\"jusqua_1h\">Jusqu&rsquo;\u00e0 1 heure<\/option>\n      <option value=\"1_2h\">1 \u00e0 2 heures<\/option>\n      <option value=\"2_4h\">2 \u00e0 4 heures<\/option>\n      <option value=\"4_6h\">4 \u00e0 6 heures<\/option>\n      <option value=\"plus_6h\">Plus de 6 heures<\/option>\n    <\/select><br><br>\n\n    <!-- Question 6 -->\n    <label><strong>6) Sur une \u00e9chelle de 1 (jamais) \u00e0 5 (toujours), indiquez votre accord :<\/strong><\/label><br><br>\n\n    <label>J&rsquo;utilise fr\u00e9quemment l&rsquo;internet sur mon ordinateur personnel<\/label><br>\n    <select name=\"internet_pc\">\n      <option value=\"1\">1 &#8211; Jamais<\/option>\n      <option value=\"2\">2 &#8211; Rarement<\/option>\n      <option value=\"3\">3 &#8211; De temps en temps<\/option>\n      <option value=\"4\">4 &#8211; Souvent<\/option>\n      <option value=\"5\">5 &#8211; Toujours<\/option>\n    <\/select><br><br>\n\n    <label>J&rsquo;utilise fr\u00e9quemment l&rsquo;internet sur mon t\u00e9l\u00e9phone portable<\/label><br>\n    <select name=\"internet_mobile\">\n      <option value=\"1\">1 &#8211; Jamais<\/option>\n      <option value=\"2\">2 &#8211; Rarement<\/option>\n      <option value=\"3\">3 &#8211; De temps en temps<\/option>\n      <option value=\"4\">4 &#8211; Souvent<\/option>\n      <option value=\"5\">5 &#8211; Toujours<\/option>\n    <\/select><br><br>\n\n    <label>Je mets fr\u00e9quemment \u00e0 jour les applications sur mon ordinateur personnel<\/label><br>\n    <select name=\"maj_pc\">\n      <option value=\"1\">1 &#8211; Jamais<\/option>\n      <option value=\"2\">2 &#8211; Rarement<\/option>\n      <option value=\"3\">3 &#8211; De temps en temps<\/option>\n      <option value=\"4\">4 &#8211; Souvent<\/option>\n      <option value=\"5\">5 &#8211; Toujours<\/option>\n    <\/select><br><br>\n\n    <label>Je mets fr\u00e9quemment \u00e0 jour les applications sur mon t\u00e9l\u00e9phone portable<\/label><br>\n    <select name=\"maj_mobile\">\n      <option value=\"1\">1 &#8211; Jamais<\/option>\n      <option value=\"2\">2 &#8211; Rarement<\/option>\n      <option value=\"3\">3 &#8211; De temps en temps<\/option>\n      <option value=\"4\">4 &#8211; Souvent<\/option>\n      <option value=\"5\">5 &#8211; Toujours<\/option>\n    <\/select><br><br>\n\n    <label>Je ne change pas souvent mon mot de passe <\/label><br>\n    <select name=\"mdp_change\">\n      <option value=\"1\">1 &#8211; Jamais<\/option>\n      <option value=\"2\">2 &#8211; Rarement<\/option>\n      <option value=\"3\">3 &#8211; De temps en temps<\/option>\n      <option value=\"4\">4 &#8211; Souvent<\/option>\n      <option value=\"5\">5 &#8211; Toujours<\/option>\n    <\/select><br><br>\n\n    <label>Je ne pense pas \u00e0 la s\u00e9curit\u00e9 de mes informations personnelles <\/label><br>\n    <select name=\"securite_info\">\n      <option value=\"1\">1 &#8211; Jamais<\/option>\n      <option value=\"2\">2 &#8211; Rarement<\/option>\n      <option value=\"3\">3 &#8211; De temps en temps<\/option>\n      <option value=\"4\">4 &#8211; Souvent<\/option>\n      <option value=\"5\">5 &#8211; Toujours<\/option>\n    <\/select><br><br>\n\n    <label>J&rsquo;utilise souvent les m\u00e9dias sociaux <\/label><br>\n    <select name=\"media_sociaux\">\n      <option value=\"1\">1 &#8211; Jamais<\/option>\n      <option value=\"2\">2 &#8211; Rarement<\/option>\n      <option value=\"3\">3 &#8211; De temps en temps<\/option>\n      <option value=\"4\">4 &#8211; Souvent<\/option>\n      <option value=\"5\">5 &#8211; Toujours<\/option>\n    <\/select><br><br>\n\n    <label>Je lis rarement les conditions d&rsquo;utilisation ou la section confidentialit\u00e9 des applications <\/label><br>\n    <select name=\"lecture_conditions\">\n      <option value=\"1\">1 &#8211; Jamais<\/option>\n      <option value=\"2\">2 &#8211; Rarement<\/option>\n      <option value=\"3\">3 &#8211; De temps en temps<\/option>\n      <option value=\"4\">4 &#8211; Souvent<\/option>\n      <option value=\"5\">5 &#8211; Toujours<\/option>\n    <\/select><br><br>\n\n    <label>Je ne divulgue aucune information personnelle sur les m\u00e9dias sociaux <\/label><br>\n    <select name=\"divulgation_info\">\n      <option value=\"1\">1 &#8211; Jamais<\/option>\n      <option value=\"2\">2 &#8211; Rarement<\/option>\n      <option value=\"3\">3 &#8211; De temps en temps<\/option>\n      <option value=\"4\">4 &#8211; Souvent<\/option>\n      <option value=\"5\">5 &#8211; Toujours<\/option>\n    <\/select><br><br>\n\n    <label>Je publie des informations sur mes probl\u00e8mes au travail sur les m\u00e9dias sociaux <\/label><br>\n    <select name=\"problemes_travail\">\n      <option value=\"1\">1 &#8211; Jamais<\/option>\n      <option value=\"2\">2 &#8211; Rarement<\/option>\n      <option value=\"3\">3 &#8211; De temps en temps<\/option>\n      <option value=\"4\">4 &#8211; Souvent<\/option>\n      <option value=\"5\">5 &#8211; Toujours<\/option>\n    <\/select><br><br>\n\n    <button type=\"submit\" style=\"padding: 10px 20px; background-color: #4a90e2; color: white; border: none; border-radius: 5px;\">Soumettre<\/button>\n  <\/form>\n<\/div>\n\n","protected":false},"excerpt":{"rendered":"<p>Questionnaire de Cybers\u00e9curit\u00e9 1) Quel \u00e2ge avez-vous ? 16-1920-2324-2728-3536-4344-5152 ou plus 2) Utilisez-vous souvent un ordinateur dans votre travail ? JamaisRarementSouventToujours 3) \u00cates-vous un praticien des sciences de l&rsquo;information ? OuiNon 4) \u00cates-vous un \u00e9ducateur en sciences de l&rsquo;information ? OuiNon 5) Combien d&rsquo;heures de formation en cybers\u00e9curit\u00e9 avez-vous suivies ? Moins de 30 minutesJusqu&rsquo;\u00e0 [&hellip;]<\/p>\n","protected":false},"author":1,"featured_media":0,"parent":0,"menu_order":0,"comment_status":"closed","ping_status":"closed","template":"","meta":{"_uag_custom_page_level_css":"","footnotes":""},"class_list":["post-106","page","type-page","status-publish","hentry"],"uagb_featured_image_src":{"full":false,"thumbnail":false,"medium":false,"medium_large":false,"large":false,"1536x1536":false,"2048x2048":false},"uagb_author_info":{"display_name":"admin","author_link":"https:\/\/cybersecurityandsexualitystudies.uqo.ca\/?author=1"},"uagb_comment_info":0,"uagb_excerpt":"Questionnaire de Cybers\u00e9curit\u00e9 1) Quel \u00e2ge avez-vous ? 16-1920-2324-2728-3536-4344-5152 ou plus 2) Utilisez-vous souvent un ordinateur dans votre travail ? JamaisRarementSouventToujours 3) \u00cates-vous un praticien des sciences de l&rsquo;information ? OuiNon 4) \u00cates-vous un \u00e9ducateur en sciences de l&rsquo;information ? OuiNon 5) Combien d&rsquo;heures de formation en cybers\u00e9curit\u00e9 avez-vous suivies ? Moins de 30 minutesJusqu&rsquo;\u00e0\u2026","_links":{"self":[{"href":"https:\/\/cybersecurityandsexualitystudies.uqo.ca\/index.php?rest_route=\/wp\/v2\/pages\/106","targetHints":{"allow":["GET"]}}],"collection":[{"href":"https:\/\/cybersecurityandsexualitystudies.uqo.ca\/index.php?rest_route=\/wp\/v2\/pages"}],"about":[{"href":"https:\/\/cybersecurityandsexualitystudies.uqo.ca\/index.php?rest_route=\/wp\/v2\/types\/page"}],"author":[{"embeddable":true,"href":"https:\/\/cybersecurityandsexualitystudies.uqo.ca\/index.php?rest_route=\/wp\/v2\/users\/1"}],"replies":[{"embeddable":true,"href":"https:\/\/cybersecurityandsexualitystudies.uqo.ca\/index.php?rest_route=%2Fwp%2Fv2%2Fcomments&post=106"}],"version-history":[{"count":1,"href":"https:\/\/cybersecurityandsexualitystudies.uqo.ca\/index.php?rest_route=\/wp\/v2\/pages\/106\/revisions"}],"predecessor-version":[{"id":107,"href":"https:\/\/cybersecurityandsexualitystudies.uqo.ca\/index.php?rest_route=\/wp\/v2\/pages\/106\/revisions\/107"}],"wp:attachment":[{"href":"https:\/\/cybersecurityandsexualitystudies.uqo.ca\/index.php?rest_route=%2Fwp%2Fv2%2Fmedia&parent=106"}],"curies":[{"name":"wp","href":"https:\/\/api.w.org\/{rel}","templated":true}]}}