{"id":100,"date":"2025-11-14T19:02:10","date_gmt":"2025-11-14T19:02:10","guid":{"rendered":"https:\/\/cybersecurityandsexualitystudies.uqo.ca\/?page_id=100"},"modified":"2025-11-14T19:25:07","modified_gmt":"2025-11-14T19:25:07","slug":"questionnaire","status":"publish","type":"page","link":"https:\/\/cybersecurityandsexualitystudies.uqo.ca\/?page_id=100","title":{"rendered":"Questionnaire sur les attitudes et habitudes envers les technologies sexuelles"},"content":{"rendered":"\n<div style=\"font-family: Arial, sans-serif; max-width: 900px; margin: 20px auto; padding: 25px; background:#ffffff; border:1px solid #ddd; border-radius:10px;\">\n\n<!-- Q1 -->\n<p><strong>1) Au cours de votre vie, vous est-il arriv\u00e9 d\u2019utiliser des accessoires ou jouets sexuels ?<\/strong><\/p>\n<label><input type=\"radio\" name=\"q1\" value=\"Oui\"> Oui<\/label><br>\n<label><input type=\"radio\" name=\"q1\" value=\"Non\"> Non<\/label>\n\n<!-- Q2 -->\n<p><strong>2) Quand avez-vous utilis\u00e9 un jouet sexuel en solo pour la derni\u00e8re fois ?<\/strong><\/p>\n<label><input type=\"radio\" name=\"q2\" value=\"Jamais\"> Jamais<\/label><br>\n<label><input type=\"radio\" name=\"q2\" value=\"Derni\u00e8re semaine\"> Dans la derni\u00e8re semaine<\/label><br>\n<label><input type=\"radio\" name=\"q2\" value=\"Dernier mois\"> Dans le dernier mois<\/label><br>\n<label><input type=\"radio\" name=\"q2\" value=\"3 derniers mois\"> Au cours des trois derniers mois<\/label><br>\n<label><input type=\"radio\" name=\"q2\" value=\"12 derniers mois\"> Au cours des 12 derniers mois<\/label><br>\n<label><input type=\"radio\" name=\"q2\" value=\"Une fois dans la vie\"> Au moins une fois au cours de sa vie<\/label>\n\n<!-- Q2.1 -->\n<p><strong>2.1) Quand avez-vous utilis\u00e9 un jouet sexuel en couple pour la derni\u00e8re fois ?<\/strong><\/p>\n<label><input type=\"radio\" name=\"q2_1\" value=\"Jamais\"> Jamais<\/label><br>\n<label><input type=\"radio\" name=\"q2_1\" value=\"Derni\u00e8re semaine\"> Dans la derni\u00e8re semaine<\/label><br>\n<label><input type=\"radio\" name=\"q2_1\" value=\"Dernier mois\"> Dans le dernier mois<\/label><br>\n<label><input type=\"radio\" name=\"q2_1\" value=\"3 derniers mois\"> Au cours des trois derniers mois<\/label><br>\n<label><input type=\"radio\" name=\"q2_1\" value=\"12 derniers mois\"> Au cours des 12 derniers mois<\/label><br>\n<label><input type=\"radio\" name=\"q2_1\" value=\"Une fois dans la vie\"> Au moins une fois au cours de sa vie<\/label>\n\n<!-- Q3 -->\n<p><strong>3) Contribution per\u00e7ue des jouets sexuels au bien-\u00eatre sexuel<\/strong><\/p>\n<label><input type=\"radio\" name=\"q3\" value=\"Beaucoup\"> Beaucoup<\/label><br>\n<label><input type=\"radio\" name=\"q3\" value=\"Un peu\"> Un peu<\/label><br>\n<label><input type=\"radio\" name=\"q3\" value=\"Pas vraiment\"> Pas vraiment<\/label><br>\n<label><input type=\"radio\" name=\"q3\" value=\"Pas du tout\"> Pas du tout<\/label>\n\n<!-- Q4 -->\n<p><strong>4) Usage en solo au cours de la vie<\/strong><\/p>\n<label><input type=\"checkbox\" name=\"q4\" value=\"Vibrant\"> Jouet sexuel vibrant<\/label><br>\n<label><input type=\"checkbox\" name=\"q4\" value=\"Non-vibrant\"> Jouet sexuel non-vibrant<\/label><br>\n<label><input type=\"checkbox\" name=\"q4\" value=\"Intelligent\"> Jouet sexuel intelligent<\/label><br>\n<label><input type=\"checkbox\" name=\"q4\" value=\"Poup\u00e9e\"> Poup\u00e9e sexuelle<\/label><br>\n<label><input type=\"checkbox\" name=\"q4\" value=\"Robot\"> Robot sexuel<\/label><br>\n<label><input type=\"checkbox\" name=\"q4\" value=\"Autre\"> Autre<\/label>\n<input type=\"text\" name=\"q4_autre\" style=\"width:100%; margin-top:5px;\">\n\n<!-- Q5 -->\n<p><strong>5) Usage en couple au cours de la vie<\/strong><\/p>\n<label><input type=\"checkbox\" name=\"q5\" value=\"Vibrant\"> Jouet sexuel vibrant<\/label><br>\n<label><input type=\"checkbox\" name=\"q5\" value=\"Non-vibrant\"> Jouet sexuel non-vibrant<\/label><br>\n<label><input type=\"checkbox\" name=\"q5\" value=\"Intelligent\"> Jouet sexuel intelligent<\/label><br>\n<label><input type=\"checkbox\" name=\"q5\" value=\"Poup\u00e9e\"> Poup\u00e9e sexuelle<\/label><br>\n<label><input type=\"checkbox\" name=\"q5\" value=\"Robot\"> Robot sexuel<\/label><br>\n<label><input type=\"checkbox\" name=\"q5\" value=\"Autre\"> Autre<\/label>\n<input type=\"text\" name=\"q5_autre\" style=\"width:100%; margin-top:5px;\">\n\n<!-- Q6 -->\n<p><strong>6) Pr\u00eat(e) \u00e0 utiliser un jouet sexuel en solo si jamais utilis\u00e9<\/strong><\/p>\n<label><input type=\"radio\" name=\"q6\" value=\"Oui\"> Oui<\/label><br>\n<label><input type=\"radio\" name=\"q6\" value=\"Non\"> Non<\/label><br>\n<label><input type=\"radio\" name=\"q6\" value=\"NA\"> Non applicable<\/label>\n\n<!-- Q7 -->\n<p><strong>7) Pr\u00eat(e) \u00e0 utiliser un jouet sexuel avec partenaire si jamais utilis\u00e9<\/strong><\/p>\n<label><input type=\"radio\" name=\"q7\" value=\"Oui\"> Oui<\/label><br>\n<label><input type=\"radio\" name=\"q7\" value=\"Non\"> Non<\/label><br>\n<label><input type=\"radio\" name=\"q7\" value=\"NA\"> Non applicable<\/label>\n\n<!-- Q8 -->\n<p><strong>8) Influence de l\u2019usage solo sur l\u2019acc\u00e8s \u00e0 l\u2019orgasme<\/strong><\/p>\n<label><input type=\"radio\" name=\"q8\" value=\"Plus facilement\"> Plus facilement<\/label><br>\n<label><input type=\"radio\" name=\"q8\" value=\"Ni plus ni moins\"> Ni plus ni moins facile<\/label><br>\n<label><input type=\"radio\" name=\"q8\" value=\"Moins facilement\"> Moins facilement<\/label>\n\n<!-- Q9 -->\n<p><strong>9) Influence de l\u2019usage en couple sur l\u2019acc\u00e8s \u00e0 l\u2019orgasme<\/strong><\/p>\n<label><input type=\"radio\" name=\"q9\" value=\"Plus facilement\"> Plus facilement<\/label><br>\n<label><input type=\"radio\" name=\"q9\" value=\"Ni plus ni moins\"> Ni plus ni moins facile<\/label><br>\n<label><input type=\"radio\" name=\"q9\" value=\"Moins facilement\"> Moins facilement<\/label>\n\n<!-- Q10 -->\n<p><strong>10) Acceptation d\u2019un jouet sexuel offert par le partenaire<\/strong><\/p>\n<label><input type=\"radio\" name=\"q10\" value=\"Oui\"> Oui<\/label><br>\n<label><input type=\"radio\" name=\"q10\" value=\"Non\"> Non<\/label>\n\n<!-- Q11 -->\n<p><strong>11) Possession actuelle<\/strong><\/p>\n<label><input type=\"checkbox\" name=\"q11\" value=\"Vibrant\"> Jouet sexuel vibrant<\/label><br>\n<label><input type=\"checkbox\" name=\"q11\" value=\"Non-vibrant\"> Jouet sexuel non-vibrant<\/label><br>\n<label><input type=\"checkbox\" name=\"q11\" value=\"Intelligent\"> Jouet sexuel intelligent<\/label><br>\n<label><input type=\"checkbox\" name=\"q11\" value=\"Poup\u00e9e\"> Poup\u00e9e sexuelle<\/label><br>\n<label><input type=\"checkbox\" name=\"q11\" value=\"Robot\"> Robot sexuel<\/label><br>\n<label><input type=\"checkbox\" name=\"q11\" value=\"Autre\"> Autre<\/label>\n<input type=\"text\" name=\"q11_autre\" style=\"width:100%; margin-top:5px;\">\n\n<!-- Q12 -->\n<p><strong>12) Intention d\u2019achat actuelle<\/strong><\/p>\n<label><input type=\"checkbox\" name=\"q12\" value=\"Vibrant\"> Jouet sexuel vibrant<\/label><br>\n<label><input type=\"checkbox\" name=\"q12\" value=\"Non-vibrant\"> Jouet sexuel non-vibrant<\/label><br>\n<label><input type=\"checkbox\" name=\"q12\" value=\"Intelligent\"> Jouet sexuel intelligent<\/label><br>\n<label><input type=\"checkbox\" name=\"q12\" value=\"Poup\u00e9e\"> Poup\u00e9e sexuelle<\/label><br>\n<label><input type=\"checkbox\" name=\"q12\" value=\"Robot\"> Robot sexuel<\/label><br>\n<label><input type=\"checkbox\" name=\"q12\" value=\"Autre\"> Autre<\/label>\n<input type=\"text\" name=\"q12_autre\" style=\"width:100%; margin-top:5px;\">\n\n<\/div>\n\n\n<div style=\"font-family: Arial, sans-serif; max-width: 800px; margin: 30px auto; padding: 25px; background-color: #f9f9f9; border-radius: 10px; border: 1px solid #ccc;\">\n  <h2 style=\"color: #2a3f66;\">Questionnaire sur les robots sexuels<\/h2>\n\n  <form>\n    <!-- Question 1 -->\n    <div style=\"margin-bottom: 20px;\">\n      <p><strong> Essaieriez-vous un robot sexuel ?<\/strong><\/p>\n      <div style=\"display: flex; flex-wrap: wrap; gap: 10px;\">\n        <label><input type=\"radio\" name=\"q1\" value=\"0\"> 0 &#8211; Pas du tout<\/label>\n        <label><input type=\"radio\" name=\"q1\" value=\"1\"> 1 &#8211; Peu probable<\/label>\n        <label><input type=\"radio\" name=\"q1\" value=\"2\"> 2 &#8211; Plut\u00f4t improbable<\/label>\n        <label><input type=\"radio\" name=\"q1\" value=\"3\"> 3 &#8211; Neutre<\/label>\n        <label><input type=\"radio\" name=\"q1\" value=\"4\"> 4 &#8211; Probable<\/label>\n        <label><input type=\"radio\" name=\"q1\" value=\"5\"> 5 &#8211; Tout \u00e0 fait<\/label>\n      <\/div>\n    <\/div>\n\n    <!-- Question 2 -->\n    <div style=\"margin-bottom: 20px;\">\n      <p><strong> Utiliseriez-vous r\u00e9guli\u00e8rement un robot sexuel ?<\/strong><\/p>\n      <div style=\"display: flex; flex-wrap: wrap; gap: 10px;\">\n        <label><input type=\"radio\" name=\"q2\" value=\"0\"> 0 &#8211; Pas du tout<\/label>\n        <label><input type=\"radio\" name=\"q2\" value=\"1\"> 1 &#8211; Peu probable<\/label>\n        <label><input type=\"radio\" name=\"q2\" value=\"2\"> 2 &#8211; Plut\u00f4t improbable<\/label>\n        <label><input type=\"radio\" name=\"q2\" value=\"3\"> 3 &#8211; Neutre<\/label>\n        <label><input type=\"radio\" name=\"q2\" value=\"4\"> 4 &#8211; Probable<\/label>\n        <label><input type=\"radio\" name=\"q2\" value=\"5\"> 5 &#8211; Tout \u00e0 fait<\/label>\n      <\/div>\n    <\/div>\n\n    <!-- Question 3 -->\n    <div style=\"margin-bottom: 20px;\">\n      <p><strong> Pensez-vous que vous pourriez tomber amoureux d&rsquo;un robot ?<\/strong><\/p>\n      <div style=\"display: flex; flex-wrap: wrap; gap: 10px;\">\n        <label><input type=\"radio\" name=\"q3\" value=\"0\"> 0 &#8211; Pas du tout<\/label>\n        <label><input type=\"radio\" name=\"q3\" value=\"1\"> 1 &#8211; Peu probable<\/label>\n        <label><input type=\"radio\" name=\"q3\" value=\"2\"> 2 &#8211; Plut\u00f4t improbable<\/label>\n        <label><input type=\"radio\" name=\"q3\" value=\"3\"> 3 &#8211; Neutre<\/label>\n        <label><input type=\"radio\" name=\"q3\" value=\"4\"> 4 &#8211; Probable<\/label>\n        <label><input type=\"radio\" name=\"q3\" value=\"5\"> 5 &#8211; Tout \u00e0 fait<\/label>\n      <\/div>\n    <\/div>\n\n    <!-- Question 4 -->\n    <div style=\"margin-bottom: 20px;\">\n      <p><strong> Auriez-vous un robot non sexuel ?<\/strong><\/p>\n      <div style=\"display: flex; flex-wrap: wrap; gap: 10px;\">\n        <label><input type=\"radio\" name=\"q4\" value=\"0\"> 0 &#8211; Pas du tout<\/label>\n        <label><input type=\"radio\" name=\"q4\" value=\"1\"> 1 &#8211; Peu probable<\/label>\n        <label><input type=\"radio\" name=\"q4\" value=\"2\"> 2 &#8211; Plut\u00f4t improbable<\/label>\n        <label><input type=\"radio\" name=\"q4\" value=\"3\"> 3 &#8211; Neutre<\/label>\n        <label><input type=\"radio\" name=\"q4\" value=\"4\"> 4 &#8211; Probablement<\/label>\n        <label><input type=\"radio\" name=\"q4\" value=\"5\"> 5 &#8211; Tout \u00e0 fait<\/label>\n      <\/div>\n    <\/div>\n\n    <button type=\"submit\" style=\"padding: 10px 20px; background-color: #4a90e2; color: white; border: none; border-radius: 5px; cursor: pointer;\">Soumettre<\/button>\n  <\/form>\n<\/div>\n\n\n\n<div style=\"font-family: Arial, sans-serif; max-width: 800px; margin: 30px auto; padding: 25px; background-color: #f9f9f9; border-radius: 10px; border: 1px solid #ccc;\">\n  <h2 style=\"color: #2a3f66;\">Questionnaire sur les intelligences artificielles <\/h2>\n\n<form>\n    <!-- Question 1 -->\n    <div style=\"margin-bottom: 20px;\">\n      <p><strong> Seriez-vous int\u00e9ressez \u00e0 entretenir une relation romantique avec une intelligence artificielle?<\/strong><\/p>\n      <div style=\"display: flex; flex-wrap: wrap; gap: 10px;\">\n        <label><input type=\"radio\" name=\"q1\" value=\"0\"> 0 &#8211; Pas du tout<\/label>\n        <label><input type=\"radio\" name=\"q1\" value=\"1\"> 1 \u2013 Probablement pas<\/label>\n        <label><input type=\"radio\" name=\"q1\" value=\"2\"> 2 \u2013 Neutre<\/label>\n        <label><input type=\"radio\" name=\"q1\" value=\"3\"> 3 &#8211; Probablement<\/label>\n        <label><input type=\"radio\" name=\"q1\" value=\"4\"> 4 \u2013 Tout \u00e0 fait<\/label>\n      <\/div>\n    <\/div>\n<!-- Question 2 -->\n    <div style=\"margin-bottom: 20px;\">\n      <p><strong> Seriez-vous int\u00e9ressez \u00e0 entretenir une relation sexuelle avec une intelligence artificielle?<\/strong><\/p>\n      <div style=\"display: flex; flex-wrap: wrap; gap: 10px;\">\n        <label><input type=\"radio\" name=\"q1\" value=\"0\"> 0 &#8211; Pas du tout<\/label>\n        <label><input type=\"radio\" name=\"q1\" value=\"1\"> 1 \u2013 Probablement pas<\/label>\n        <label><input type=\"radio\" name=\"q1\" value=\"2\"> 2 \u2013 Neutre<\/label>\n        <label><input type=\"radio\" name=\"q1\" value=\"3\"> 3 &#8211; Probablement<\/label>\n        <label><input type=\"radio\" name=\"q1\" value=\"4\"> 4 \u2013 Tout \u00e0 fait<\/label>\n      <\/div>\n    <\/div>\n\n    <!-- Question 3 -->\n    <div style=\"margin-bottom: 20px;\">\n\n      <p><strong> Utiliseriez-vous r\u00e9guli\u00e8rement une intelligence artificielle \u00e0 des fins romantiques?<\/strong><\/p>\n\n              <label><input type=\"radio\" name=\"q1\" value=\"0\"> 0 &#8211; Pas du tout<\/label>\n        <label><input type=\"radio\" name=\"q1\" value=\"1\"> 1 \u2013 Probablement pas<\/label>\n        <label><input type=\"radio\" name=\"q1\" value=\"2\"> 2 \u2013 Neutre<\/label>\n        <label><input type=\"radio\" name=\"q1\" value=\"3\"> 3 &#8211; Probablement<\/label>\n        <label><input type=\"radio\" name=\"q1\" value=\"4\"> 4 \u2013 Tout \u00e0 fait<\/label>\n      <\/div>\n    <\/div>\n\n<!-- Question 4 -->\n    <div style=\"margin-bottom: 20px;\">\n      <p><strong> Utiliseriez-vous r\u00e9guli\u00e8rement une intelligence artificielle \u00e0 des fins sexuelles?<\/strong><\/p>\n              <label><input type=\"radio\" name=\"q1\" value=\"0\"> 0 &#8211; Pas du tout<\/label>\n        <label><input type=\"radio\" name=\"q1\" value=\"1\"> 1 \u2013 Probablement pas<\/label>\n        <label><input type=\"radio\" name=\"q1\" value=\"2\"> 2 \u2013 Neutre<\/label>\n        <label><input type=\"radio\" name=\"q1\" value=\"3\"> 3 &#8211; Probablement<\/label>\n        <label><input type=\"radio\" name=\"q1\" value=\"4\"> 4 \u2013 Tout \u00e0 fait<\/label>\n      <\/div>\n    <\/div>\n\n    <!-- Question 5 -->\n    <div style=\"margin-bottom: 20px;\">\n\n      <p><strong> Pensez-vous que vous pourriez tomber amoureux d&rsquo;une intelligence artificielle?<\/strong><\/p>\n\n      <div style=\"display: flex; flex-wrap: wrap; gap: 10px;\">\n        <label><input type=\"radio\" name=\"q3\" value=\"0\"> 0 &#8211; Pas du tout<\/label>\n        <label><input type=\"radio\" name=\"q3\" value=\"1\"> 1 &#8211; Peu probable<\/label>\n        <label><input type=\"radio\" name=\"q3\" value=\"2\"> 2 &#8211; Plut\u00f4t improbable<\/label>\n        <label><input type=\"radio\" name=\"q3\" value=\"3\"> 3 &#8211; Neutre<\/label>\n        <label><input type=\"radio\" name=\"q3\" value=\"4\"> 4 &#8211; Probable<\/label>\n        <label><input type=\"radio\" name=\"q3\" value=\"5\"> 5 &#8211; Tout \u00e0 fait<\/label>\n      <\/div>\n    <\/div>\n\n    <!-- Question 6 -->\n    <div style=\"margin-bottom: 20px;\">\n      <p><strong> Utiliseriez-vous une intelligence artificielle dans un contexte de lien amical?<\/strong><\/p>\n      <div style=\"display: flex; flex-wrap: wrap; gap: 10px;\">\n        <label><input type=\"radio\" name=\"q4\" value=\"0\"> 0 &#8211; Pas du tout<\/label>\n        <label><input type=\"radio\" name=\"q4\" value=\"1\"> 1 &#8211; Peu probable<\/label>\n        <label><input type=\"radio\" name=\"q4\" value=\"2\"> 2 &#8211; Plut\u00f4t improbable<\/label>\n        <label><input type=\"radio\" name=\"q4\" value=\"3\"> 3 &#8211; Neutre<\/label>\n        <label><input type=\"radio\" name=\"q4\" value=\"4\"> 4 &#8211; Probablement<\/label>\n        <label><input type=\"radio\" name=\"q4\" value=\"5\"> 5 &#8211; Tout \u00e0 fait<\/label>\n      <\/div>\n    <\/div>\n\n    <button type=\"submit\" style=\"padding: 10px 20px; background-color: #4a90e2; color: white; border: none; border-radius: 5px; cursor: pointer;\">Soumettre<\/button>\n  <\/form>\n<\/div>\n\n\n","protected":false},"excerpt":{"rendered":"<p>1) Au cours de votre vie, vous est-il arriv\u00e9 d\u2019utiliser des accessoires ou jouets sexuels ? Oui Non 2) Quand avez-vous utilis\u00e9 un jouet sexuel en solo pour la derni\u00e8re fois ? Jamais Dans la derni\u00e8re semaine Dans le dernier mois Au cours des trois derniers mois Au cours des 12 derniers mois Au moins [&hellip;]<\/p>\n","protected":false},"author":1,"featured_media":0,"parent":0,"menu_order":0,"comment_status":"closed","ping_status":"closed","template":"","meta":{"_uag_custom_page_level_css":"","footnotes":""},"class_list":["post-100","page","type-page","status-publish","hentry"],"uagb_featured_image_src":{"full":false,"thumbnail":false,"medium":false,"medium_large":false,"large":false,"1536x1536":false,"2048x2048":false},"uagb_author_info":{"display_name":"admin","author_link":"https:\/\/cybersecurityandsexualitystudies.uqo.ca\/?author=1"},"uagb_comment_info":0,"uagb_excerpt":"1) Au cours de votre vie, vous est-il arriv\u00e9 d\u2019utiliser des accessoires ou jouets sexuels ? Oui Non 2) Quand avez-vous utilis\u00e9 un jouet sexuel en solo pour la derni\u00e8re fois ? Jamais Dans la derni\u00e8re semaine Dans le dernier mois Au cours des trois derniers mois Au cours des 12 derniers mois Au moins\u2026","_links":{"self":[{"href":"https:\/\/cybersecurityandsexualitystudies.uqo.ca\/index.php?rest_route=\/wp\/v2\/pages\/100","targetHints":{"allow":["GET"]}}],"collection":[{"href":"https:\/\/cybersecurityandsexualitystudies.uqo.ca\/index.php?rest_route=\/wp\/v2\/pages"}],"about":[{"href":"https:\/\/cybersecurityandsexualitystudies.uqo.ca\/index.php?rest_route=\/wp\/v2\/types\/page"}],"author":[{"embeddable":true,"href":"https:\/\/cybersecurityandsexualitystudies.uqo.ca\/index.php?rest_route=\/wp\/v2\/users\/1"}],"replies":[{"embeddable":true,"href":"https:\/\/cybersecurityandsexualitystudies.uqo.ca\/index.php?rest_route=%2Fwp%2Fv2%2Fcomments&post=100"}],"version-history":[{"count":5,"href":"https:\/\/cybersecurityandsexualitystudies.uqo.ca\/index.php?rest_route=\/wp\/v2\/pages\/100\/revisions"}],"predecessor-version":[{"id":109,"href":"https:\/\/cybersecurityandsexualitystudies.uqo.ca\/index.php?rest_route=\/wp\/v2\/pages\/100\/revisions\/109"}],"wp:attachment":[{"href":"https:\/\/cybersecurityandsexualitystudies.uqo.ca\/index.php?rest_route=%2Fwp%2Fv2%2Fmedia&parent=100"}],"curies":[{"name":"wp","href":"https:\/\/api.w.org\/{rel}","templated":true}]}}